{"id":415,"date":"2020-06-10T18:03:45","date_gmt":"2020-06-10T16:03:45","guid":{"rendered":"http:\/\/localhost\/context\/?page_id=415"},"modified":"2023-01-31T10:12:28","modified_gmt":"2023-01-31T09:12:28","slug":"kontakt","status":"publish","type":"page","link":"http:\/\/ad-bet.pl\/?page_id=415","title":{"rendered":"Kontakt"},"content":{"rendered":"\t\t<div data-elementor-type=\"wp-page\" data-elementor-id=\"415\" class=\"elementor elementor-415\" data-elementor-settings=\"[]\">\n\t\t\t\t\t\t\t<div class=\"elementor-section-wrap\">\n\t\t\t\t\t\t\t<section class=\"elementor-section elementor-top-section elementor-element elementor-element-b7187f0 elementor-section-boxed elementor-section-height-default elementor-section-height-default\" data-id=\"b7187f0\" data-element_type=\"section\">\n\t\t\t\t\t\t<div class=\"elementor-container elementor-column-gap-default\">\n\t\t\t\t\t<div class=\"elementor-column elementor-col-100 elementor-top-column elementor-element elementor-element-a55484d\" data-id=\"a55484d\" data-element_type=\"column\">\n\t\t\t<div class=\"elementor-widget-wrap elementor-element-populated\">\n\t\t\t\t\t\t\t\t<div class=\"elementor-element elementor-element-a4b0796 ittech-star-rating--align-center ittech-star-rating--align-left elementor-widget elementor-widget-witr_section_apartment\" data-id=\"a4b0796\" data-element_type=\"widget\" data-widget_type=\"witr_section_apartment.default\">\n\t\t\t\t<div class=\"elementor-widget-container\">\n\t\t\t\n\t\t\t\t\t<div class=\"apartment_area\">\t\t\t\t\n\t\t\t\t\t\t<div class=\"apartment_text\">\t\t\n\t\t\t\t\t\t\t<!-- title -->\n\t\t\t\t\t\t\t\t\t\t\t\t\t\t\t<h1>Kontakt<\/h1>\n\t\t\t\t\t\t\t\t\t\n\t\t\t\t\t\t\t<!-- content -->\n\t\t\t\t\t\t\t\t\t\t\t\t\t\t\t<h2>Napisz do nas  <\/h2>\t\t\n\t\t\t\t\t\t\t\t\t\t\t\t\t\t\n\t\t\t\t\t\t<\/div>\t\t\n\t\t\t\t\t\t<div class=\"witr_apartment_form\">\t\t\t\t\t\n\t\t\t\t\t\t<div role=\"form\" class=\"wpcf7\" id=\"wpcf7-f4355-o1\" lang=\"en-US\" dir=\"ltr\">\n<div class=\"screen-reader-response\"><p role=\"status\" aria-live=\"polite\" aria-atomic=\"true\"><\/p> <ul><\/ul><\/div>\n<form action=\"\/index.php?rest_route=%2Fwp%2Fv2%2Fpages%2F415#wpcf7-f4355-o1\" method=\"post\" class=\"wpcf7-form init\" novalidate=\"novalidate\" data-status=\"init\">\n<div style=\"display: none;\">\n<input type=\"hidden\" name=\"_wpcf7\" value=\"4355\" \/>\n<input type=\"hidden\" name=\"_wpcf7_version\" value=\"5.4.2\" \/>\n<input type=\"hidden\" name=\"_wpcf7_locale\" value=\"en_US\" \/>\n<input type=\"hidden\" name=\"_wpcf7_unit_tag\" value=\"wpcf7-f4355-o1\" \/>\n<input type=\"hidden\" name=\"_wpcf7_container_post\" value=\"0\" \/>\n<input type=\"hidden\" name=\"_wpcf7_posted_data_hash\" value=\"\" \/>\n<\/div>\n<div class=\"row\">\n<div class=\"col-lg-6 col-md-6\">\n<div class=\"twr_form_box\">\n<span class=\"wpcf7-form-control-wrap text-30\"><input type=\"text\" name=\"text-30\" value=\"\" size=\"40\" class=\"wpcf7-form-control wpcf7-text wpcf7-validates-as-required form-control\" aria-required=\"true\" aria-invalid=\"false\" placeholder=\"Imi\u0119*\" \/><\/span>\n<\/div>\n<\/div>\n<div class=\"col-lg-6 col-md-6\">\n<div class=\"twr_form_box\">\n<span class=\"wpcf7-form-control-wrap number-19\"><input type=\"number\" name=\"number-19\" value=\"\" class=\"wpcf7-form-control wpcf7-number wpcf7-validates-as-required wpcf7-validates-as-number form-control\" aria-required=\"true\" aria-invalid=\"false\" placeholder=\"Telefon*\" \/><\/span>\n<\/div>\n<\/div>\n<div class=\"col-lg-6 col-md-6\">\n<div class=\"twr_form_box\">\n<span class=\"wpcf7-form-control-wrap email-380\"><input type=\"email\" name=\"email-380\" value=\"\" size=\"40\" class=\"wpcf7-form-control wpcf7-text wpcf7-email wpcf7-validates-as-required wpcf7-validates-as-email form-control\" aria-required=\"true\" aria-invalid=\"false\" placeholder=\"Adres e-mail*\" \/><\/span>\n<\/div>\n<\/div>\n<div class=\"col-lg-6 col-md-6\">\n<div class=\"twr_form_box\">\n<span class=\"wpcf7-form-control-wrap text-30\"><input type=\"text\" name=\"text-30\" value=\"\" size=\"40\" class=\"wpcf7-form-control wpcf7-text wpcf7-validates-as-required form-control\" aria-required=\"true\" aria-invalid=\"false\" placeholder=\"Temat*\" \/><\/span>\n<\/div>\n<\/div>\n<div class=\"col-lg-12 col-md-12\">\n<div class=\"twr_form_box \">\n<span class=\"wpcf7-form-control-wrap textarea\"><textarea name=\"textarea\" cols=\"40\" rows=\"6\" class=\"wpcf7-form-control wpcf7-textarea wpcf7-validates-as-required form-control\" aria-required=\"true\" aria-invalid=\"false\" placeholder=\"Tekst wiadmo\u015bci*\"><\/textarea><\/span>\n<\/div>\n<p><button type=\"submit\" class=\"btn btn-primary\">Wy\u015blij wiadmo\u015b\u0107<\/button>\n<\/div>\n<\/div>\n<div class=\"wpcf7-response-output\" aria-hidden=\"true\"><\/div><\/form><\/div>\t\t\t\t\t\t\t\t\n\t\t\t\t\t\t<\/div>\t\t\t\t\t\n\t\t\t\t\t<\/div>\t\t\t\t\t\n\t\t\n\t\t\t\t<\/div>\n\t\t\t\t<\/div>\n\t\t\t\t\t<\/div>\n\t\t<\/div>\n\t\t\t\t\t\t\t<\/div>\n\t\t<\/section>\n\t\t\t\t<section class=\"elementor-section elementor-top-section elementor-element elementor-element-178daf3 elementor-section-boxed elementor-section-height-default elementor-section-height-default\" data-id=\"178daf3\" data-element_type=\"section\">\n\t\t\t\t\t\t<div class=\"elementor-container elementor-column-gap-default\">\n\t\t\t\t\t<div class=\"elementor-column elementor-col-33 elementor-top-column elementor-element elementor-element-da4079d\" data-id=\"da4079d\" data-element_type=\"column\">\n\t\t\t<div class=\"elementor-widget-wrap elementor-element-populated\">\n\t\t\t\t\t\t\t\t<div class=\"elementor-element elementor-element-b5c176f elementor-widget elementor-widget-witr_section_service\" data-id=\"b5c176f\" data-element_type=\"widget\" data-widget_type=\"witr_section_service.default\">\n\t\t\t\t<div class=\"elementor-widget-container\">\n\t\t\t\t\t\n\t\t\t<div class=\"service-item all_color_service  text-center  \">\n\t\t\t\t<div class=\"service_top_image\">\n\t\t\t\t\t<!-- image -->\n\t\t\t\t\t\t\t\t\n\t\t\t\t<\/div>\n\t\t\t\t<div class=\"text_box all_icon_color\">\n\t\t\t\t\t<!-- icon -->\n\t\t\t\t\t\t\t\t\t\t\t<i class=\"flaticon flaticon-map\"><\/i>\n\t\t\t\t\t\t\t\t\t\t<!-- custom icon -->\n\t\t\t\t\t\t\t\t\t\n\t\t\t\t\t<!-- image -->\n\t\t\t\t\t\t\n\t\t\t\t\t<!-- title -->\n\t\t\t\t\t\t\t\t\t\t\t\t\t\t\t<h3>Biuro\n <\/h3>\n\t\t\t\t\t\t\t\t\t\t\t\t\t\t\t<!-- content -->\n\t\t\t\t\t\t\t\t\t\t\t<p>\"AD-BET\"\nChojniczki ul. Widokowa 21\n89-606 Charzykowy\nTel. kom. 696 913 620\nTel. dom. 52 397 62 18  <\/p>\t\t\n\t\t\t\t\t\t\t\t\t\t<!-- button -->\n\t\t\t\t\t\t\t\t\t\n\t\t\t\t<\/div> <!-- text_box -->\t\t\t\t\t\t\t\n\t\t\t<\/div> <!-- service item -->\t\t\t\t\t\t\t\n \t\t\t\t<\/div>\n\t\t\t\t<\/div>\n\t\t\t\t\t<\/div>\n\t\t<\/div>\n\t\t\t\t<div class=\"elementor-column elementor-col-33 elementor-top-column elementor-element elementor-element-5d35ba6\" data-id=\"5d35ba6\" data-element_type=\"column\">\n\t\t\t<div class=\"elementor-widget-wrap elementor-element-populated\">\n\t\t\t\t\t\t\t\t<div class=\"elementor-element elementor-element-0e4375c elementor-widget elementor-widget-witr_section_service\" data-id=\"0e4375c\" data-element_type=\"widget\" data-widget_type=\"witr_section_service.default\">\n\t\t\t\t<div class=\"elementor-widget-container\">\n\t\t\t\t\t\n\t\t\t<div class=\"service-item all_color_service  text-center  \">\n\t\t\t\t<div class=\"service_top_image\">\n\t\t\t\t\t<!-- image -->\n\t\t\t\t\t\t\t\t\n\t\t\t\t<\/div>\n\t\t\t\t<div class=\"text_box all_icon_color\">\n\t\t\t\t\t<!-- icon -->\n\t\t\t\t\t\t\t\t\t\t\t<i class=\"flaticon flaticon-call\"><\/i>\n\t\t\t\t\t\t\t\t\t\t<!-- custom icon -->\n\t\t\t\t\t\t\t\t\t\n\t\t\t\t\t<!-- image -->\n\t\t\t\t\t\t\n\t\t\t\t\t<!-- title -->\n\t\t\t\t\t\t\t\t\t\t\t\t\t\t\t<h3>Telefon\n <\/h3>\n\t\t\t\t\t\t\t\t\t\t\t\t\t\t\t<!-- content -->\n\t\t\t\t\t\t\t\t\t\t\t<p>+48 534 128 433 <\/p>\t\t\n\t\t\t\t\t\t\t\t\t\t<!-- button -->\n\t\t\t\t\t\t\t\t\t\n\t\t\t\t<\/div> <!-- text_box -->\t\t\t\t\t\t\t\n\t\t\t<\/div> <!-- service item -->\t\t\t\t\t\t\t\n \t\t\t\t<\/div>\n\t\t\t\t<\/div>\n\t\t\t\t\t<\/div>\n\t\t<\/div>\n\t\t\t\t<div class=\"elementor-column elementor-col-33 elementor-top-column elementor-element elementor-element-d29a830\" data-id=\"d29a830\" data-element_type=\"column\">\n\t\t\t<div class=\"elementor-widget-wrap elementor-element-populated\">\n\t\t\t\t\t\t\t\t<div class=\"elementor-element elementor-element-6f24456 elementor-widget elementor-widget-witr_section_service\" data-id=\"6f24456\" data-element_type=\"widget\" data-widget_type=\"witr_section_service.default\">\n\t\t\t\t<div class=\"elementor-widget-container\">\n\t\t\t\t\t\n\t\t\t<div class=\"service-item all_color_service  text-center  \">\n\t\t\t\t<div class=\"service_top_image\">\n\t\t\t\t\t<!-- image -->\n\t\t\t\t\t\t\t\t\n\t\t\t\t<\/div>\n\t\t\t\t<div class=\"text_box all_icon_color\">\n\t\t\t\t\t<!-- icon -->\n\t\t\t\t\t\t\t\t\t\t\t<i class=\"flaticon flaticon-mail\"><\/i>\n\t\t\t\t\t\t\t\t\t\t<!-- custom icon -->\n\t\t\t\t\t\t\t\t\t\n\t\t\t\t\t<!-- image -->\n\t\t\t\t\t\t\n\t\t\t\t\t<!-- title -->\n\t\t\t\t\t\t\t\t\t\t\t\t\t\t\t<h3>E-mail \n <\/h3>\n\t\t\t\t\t\t\t\t\t\t\t\t\t\t\t<!-- content -->\n\t\t\t\t\t\t\t\t\t\t\t<p>0305adbet@wp.pl <\/p>\t\t\n\t\t\t\t\t\t\t\t\t\t<!-- button -->\n\t\t\t\t\t\t\t\t\t\n\t\t\t\t<\/div> <!-- text_box -->\t\t\t\t\t\t\t\n\t\t\t<\/div> <!-- service item -->\t\t\t\t\t\t\t\n \t\t\t\t<\/div>\n\t\t\t\t<\/div>\n\t\t\t\t\t<\/div>\n\t\t<\/div>\n\t\t\t\t\t\t\t<\/div>\n\t\t<\/section>\n\t\t\t\t<section class=\"elementor-section elementor-top-section elementor-element elementor-element-4c1f1bd elementor-section-full_width elementor-section-height-default elementor-section-height-default\" data-id=\"4c1f1bd\" data-element_type=\"section\">\n\t\t\t\t\t\t<div class=\"elementor-container elementor-column-gap-no\">\n\t\t\t\t\t<div class=\"elementor-column elementor-col-100 elementor-top-column elementor-element elementor-element-5e4bf83\" data-id=\"5e4bf83\" data-element_type=\"column\">\n\t\t\t<div class=\"elementor-widget-wrap elementor-element-populated\">\n\t\t\t\t\t\t\t\t<div class=\"elementor-element elementor-element-c9bb51b elementor-widget elementor-widget-google_maps\" data-id=\"c9bb51b\" data-element_type=\"widget\" data-widget_type=\"google_maps.default\">\n\t\t\t\t<div class=\"elementor-widget-container\">\n\t\t\t\t\t<div class=\"elementor-custom-embed\">\n\t\t\t<iframe frameborder=\"0\" scrolling=\"no\" marginheight=\"0\" marginwidth=\"0\" src=\"https:\/\/maps.google.com\/maps?q=Chojniczki%20ul.%20Widokowa%2021%2089-606%20Charzykowy&amp;t=m&amp;z=11&amp;output=embed&amp;iwloc=near\" title=\"%3$s\" aria-label=\"%3$s\"><\/iframe>\n\t\t<\/div>\n\t\t\t\t<\/div>\n\t\t\t\t<\/div>\n\t\t\t\t\t<\/div>\n\t\t<\/div>\n\t\t\t\t\t\t\t<\/div>\n\t\t<\/section>\n\t\t\t\t\t\t<\/div>\n\t\t\t\t\t<\/div>\n\t\t","protected":false},"excerpt":{"rendered":"<p>Kontakt Napisz do nas Wy\u015blij wiadmo\u015b\u0107 Biuro &#8220;AD-BET&#8221; Chojniczki ul. Widokowa 21 89-606 Charzykowy Tel. kom. 696 913 620 Tel. dom. 52 397 62 18 Telefon +48 534 128 433 E-mail 0305adbet@wp.pl<\/p>\n","protected":false},"author":1,"featured_media":0,"parent":0,"menu_order":0,"comment_status":"closed","ping_status":"closed","template":"template-home.php","meta":{"footnotes":""},"class_list":["post-415","page","type-page","status-publish","hentry"],"yoast_head":"<!-- This site is optimized with the Yoast SEO plugin v16.8 - https:\/\/yoast.com\/wordpress\/plugins\/seo\/ -->\n<title>Kontakt - Ad-Bet Chojniczki<\/title>\n<meta name=\"robots\" content=\"index, follow, max-snippet:-1, max-image-preview:large, max-video-preview:-1\" \/>\n<link rel=\"canonical\" href=\"http:\/\/ad-bet.pl\/?page_id=415\" \/>\n<meta property=\"og:locale\" content=\"pl_PL\" \/>\n<meta property=\"og:type\" content=\"article\" \/>\n<meta property=\"og:title\" content=\"Kontakt - Ad-Bet Chojniczki\" \/>\n<meta property=\"og:description\" content=\"Kontakt Napisz do nas Wy\u015blij wiadmo\u015b\u0107 Biuro &#8220;AD-BET&#8221; Chojniczki ul. Widokowa 21 89-606 Charzykowy Tel. kom. 696 913 620 Tel. dom. 52 397 62 18 Telefon +48 534 128 433 E-mail 0305adbet@wp.pl\" \/>\n<meta property=\"og:url\" content=\"http:\/\/ad-bet.pl\/?page_id=415\" \/>\n<meta property=\"og:site_name\" content=\"Ad-Bet Chojniczki\" \/>\n<meta property=\"article:modified_time\" content=\"2023-01-31T09:12:28+00:00\" \/>\n<meta name=\"twitter:card\" content=\"summary_large_image\" \/>\n<meta name=\"twitter:label1\" content=\"Szacowany czas czytania\" \/>\n\t<meta name=\"twitter:data1\" content=\"1 minuta\" \/>\n<script type=\"application\/ld+json\" class=\"yoast-schema-graph\">{\"@context\":\"https:\/\/schema.org\",\"@graph\":[{\"@type\":\"WebSite\",\"@id\":\"http:\/\/ad-bet.pl\/#website\",\"url\":\"http:\/\/ad-bet.pl\/\",\"name\":\"Ad-Bet Chojniczki\",\"description\":\"AD-BET\",\"potentialAction\":[{\"@type\":\"SearchAction\",\"target\":{\"@type\":\"EntryPoint\",\"urlTemplate\":\"http:\/\/ad-bet.pl\/?s={search_term_string}\"},\"query-input\":\"required name=search_term_string\"}],\"inLanguage\":\"pl-PL\"},{\"@type\":\"WebPage\",\"@id\":\"http:\/\/ad-bet.pl\/?page_id=415#webpage\",\"url\":\"http:\/\/ad-bet.pl\/?page_id=415\",\"name\":\"Kontakt - Ad-Bet Chojniczki\",\"isPartOf\":{\"@id\":\"http:\/\/ad-bet.pl\/#website\"},\"datePublished\":\"2020-06-10T16:03:45+00:00\",\"dateModified\":\"2023-01-31T09:12:28+00:00\",\"breadcrumb\":{\"@id\":\"http:\/\/ad-bet.pl\/?page_id=415#breadcrumb\"},\"inLanguage\":\"pl-PL\",\"potentialAction\":[{\"@type\":\"ReadAction\",\"target\":[\"http:\/\/ad-bet.pl\/?page_id=415\"]}]},{\"@type\":\"BreadcrumbList\",\"@id\":\"http:\/\/ad-bet.pl\/?page_id=415#breadcrumb\",\"itemListElement\":[{\"@type\":\"ListItem\",\"position\":1,\"name\":\"Home\",\"item\":\"http:\/\/ad-bet.pl\/\"},{\"@type\":\"ListItem\",\"position\":2,\"name\":\"Kontakt\"}]}]}<\/script>\n<!-- \/ Yoast SEO plugin. -->","yoast_head_json":{"title":"Kontakt - Ad-Bet Chojniczki","robots":{"index":"index","follow":"follow","max-snippet":"max-snippet:-1","max-image-preview":"max-image-preview:large","max-video-preview":"max-video-preview:-1"},"canonical":"http:\/\/ad-bet.pl\/?page_id=415","og_locale":"pl_PL","og_type":"article","og_title":"Kontakt - Ad-Bet Chojniczki","og_description":"Kontakt Napisz do nas Wy\u015blij wiadmo\u015b\u0107 Biuro &#8220;AD-BET&#8221; Chojniczki ul. Widokowa 21 89-606 Charzykowy Tel. kom. 696 913 620 Tel. dom. 52 397 62 18 Telefon +48 534 128 433 E-mail 0305adbet@wp.pl","og_url":"http:\/\/ad-bet.pl\/?page_id=415","og_site_name":"Ad-Bet Chojniczki","article_modified_time":"2023-01-31T09:12:28+00:00","twitter_card":"summary_large_image","twitter_misc":{"Szacowany czas czytania":"1 minuta"},"schema":{"@context":"https:\/\/schema.org","@graph":[{"@type":"WebSite","@id":"http:\/\/ad-bet.pl\/#website","url":"http:\/\/ad-bet.pl\/","name":"Ad-Bet Chojniczki","description":"AD-BET","potentialAction":[{"@type":"SearchAction","target":{"@type":"EntryPoint","urlTemplate":"http:\/\/ad-bet.pl\/?s={search_term_string}"},"query-input":"required name=search_term_string"}],"inLanguage":"pl-PL"},{"@type":"WebPage","@id":"http:\/\/ad-bet.pl\/?page_id=415#webpage","url":"http:\/\/ad-bet.pl\/?page_id=415","name":"Kontakt - Ad-Bet Chojniczki","isPartOf":{"@id":"http:\/\/ad-bet.pl\/#website"},"datePublished":"2020-06-10T16:03:45+00:00","dateModified":"2023-01-31T09:12:28+00:00","breadcrumb":{"@id":"http:\/\/ad-bet.pl\/?page_id=415#breadcrumb"},"inLanguage":"pl-PL","potentialAction":[{"@type":"ReadAction","target":["http:\/\/ad-bet.pl\/?page_id=415"]}]},{"@type":"BreadcrumbList","@id":"http:\/\/ad-bet.pl\/?page_id=415#breadcrumb","itemListElement":[{"@type":"ListItem","position":1,"name":"Home","item":"http:\/\/ad-bet.pl\/"},{"@type":"ListItem","position":2,"name":"Kontakt"}]}]}},"_links":{"self":[{"href":"http:\/\/ad-bet.pl\/index.php?rest_route=\/wp\/v2\/pages\/415","targetHints":{"allow":["GET"]}}],"collection":[{"href":"http:\/\/ad-bet.pl\/index.php?rest_route=\/wp\/v2\/pages"}],"about":[{"href":"http:\/\/ad-bet.pl\/index.php?rest_route=\/wp\/v2\/types\/page"}],"author":[{"embeddable":true,"href":"http:\/\/ad-bet.pl\/index.php?rest_route=\/wp\/v2\/users\/1"}],"replies":[{"embeddable":true,"href":"http:\/\/ad-bet.pl\/index.php?rest_route=%2Fwp%2Fv2%2Fcomments&post=415"}],"version-history":[{"count":10,"href":"http:\/\/ad-bet.pl\/index.php?rest_route=\/wp\/v2\/pages\/415\/revisions"}],"predecessor-version":[{"id":7329,"href":"http:\/\/ad-bet.pl\/index.php?rest_route=\/wp\/v2\/pages\/415\/revisions\/7329"}],"wp:attachment":[{"href":"http:\/\/ad-bet.pl\/index.php?rest_route=%2Fwp%2Fv2%2Fmedia&parent=415"}],"curies":[{"name":"wp","href":"https:\/\/api.w.org\/{rel}","templated":true}]}}